{"id":622,"date":"2023-07-11T08:10:13","date_gmt":"2023-07-11T07:10:13","guid":{"rendered":"https:\/\/www.praxis-1.ch\/?page_id=622"},"modified":"2026-04-12T12:09:35","modified_gmt":"2026-04-12T11:09:35","slug":"datenschutzerklaerung","status":"publish","type":"page","link":"https:\/\/www.praxis-1.ch\/?page_id=622","title":{"rendered":"Datenschutzerkl\u00e4rung"},"content":{"rendered":"\t\t<div data-elementor-type=\"wp-page\" data-elementor-id=\"622\" class=\"elementor elementor-622\">\n\t\t\t\t\t\t<section class=\"elementor-section elementor-top-section elementor-element elementor-element-7f163ef elementor-section-boxed elementor-section-height-default elementor-section-height-default\" data-id=\"7f163ef\" data-element_type=\"section\" data-e-type=\"section\">\n\t\t\t\t\t\t<div class=\"elementor-container elementor-column-gap-default\">\n\t\t\t\t\t<div class=\"elementor-column elementor-col-100 elementor-top-column elementor-element elementor-element-64c440c\" data-id=\"64c440c\" data-element_type=\"column\" data-e-type=\"column\">\n\t\t\t<div class=\"elementor-widget-wrap elementor-element-populated\">\n\t\t\t\t\t\t<div class=\"elementor-element elementor-element-209f6be elementor-widget elementor-widget-heading\" data-id=\"209f6be\" data-element_type=\"widget\" data-e-type=\"widget\" data-widget_type=\"heading.default\">\n\t\t\t\t<div class=\"elementor-widget-container\">\n\t\t\t\t\t<h2 class=\"elementor-heading-title elementor-size-default\">Datenschutzerkl\u00e4rung<\/h2>\t\t\t\t<\/div>\n\t\t\t\t<\/div>\n\t\t\t\t<div class=\"elementor-element elementor-element-54a246e elementor-widget elementor-widget-text-editor\" data-id=\"54a246e\" data-element_type=\"widget\" data-e-type=\"widget\" data-widget_type=\"text-editor.default\">\n\t\t\t\t<div class=\"elementor-widget-container\">\n\t\t\t\t\t\t\t\t\t<p>Willkommen auf der Website unserer Arztpraxis. In dieser Datenschutzerkl\u00e4rung erl\u00e4utern wir, wie wir personenbezogene Daten auf unserer Website (A.) und im Rahmen der Patientenbehandlung in unserer Arztpraxis (B.) erheben und bearbeiten und wir erl\u00e4utern Ihre Rechte (C). Unter Personendaten werden alle Angaben verstanden, die sich auf eine bestimmte oder bestimmbare Person beziehen.<span class=\"Apple-converted-space\">\u00a0<\/span><\/p><p>Die Erhebung und die Verarbeitung Ihrer personenbezogenen Daten geschehen unter Beachtung der geltenden datenschutzrechtlichen Gesetze und Anforderungen. Im \u00dcbrigen lehnt die Arztpraxis jegliche Haftung bei der Nutzung dieser Website ab.<\/p><p>Grunds\u00e4tzlich bietet unsere Arztpraxis ihre Dienstleistungen nur in der Schweiz an und richtet sich nur an in der Schweiz wohnhafte Personen.<\/p><p><b>Verantwortlich f\u00fcr die Datenbearbeitung ist:<\/b><\/p><p>\u00c4rztezentrum Praxis 1 AG<\/p><p>Bahnhofplatz 1<br \/>3110 M\u00fcnsingen<\/p><p>Wenn Sie Fragen \u00fcber unseren Umgang mit Personendaten oder sonstige datenschutzrechtliche Anliegen haben, k\u00f6nnen Sie uns unter der vorgenannten Adresse, per E-Mail (<a href=\"mailto:praxis-1@hin.ch\">praxis-1@hin.ch<\/a>) oder Telefon (031 720 33 33) kontaktieren.<\/p><p><b>A. Nutzung Website<\/b><\/p><p><b>Erhebung und Zweck der Bearbeitung<\/b><\/p><p>Mit jedem Aufruf der Website werden eine Reihe von allgemeinen Daten und Informationen erfasst. Diese allgemeinen Daten und Informationen werden in den Logfiles des Servers gespeichert. Erfasst werden k\u00f6nnen (1) die verwendeten Browsertypen und Versionen, (2) das vom zugreifenden System verwendete Betriebssystem, (3) die Website, von welcher ein zugreifendes System auf unsere Website gelangt (sogenannte Referrer), (4) die Unterwebsites, welche \u00fcber ein zugreifendes System auf unserer Website angesteuert werden, (5) das Datum und die Uhrzeit eines Zugriffs auf die Website, (6) eine Internet-Protokoll-Adresse (IP-Adresse), (7) der Internet-Service-Provider des zugreifenden Systems und (8) sonstige \u00e4hnliche Daten und Informationen, die der Gefahrenabwehr im Falle von Angriffen auf unsere IT-Infrastruktur dienen.<\/p><p>Diese Daten und Informationen werden ben\u00f6tigt, um (1) die Inhalte unserer Website korrekt darzustellen, (2) die Inhalte unserer Website zu optimieren, (3) die dauerhafte Funktionsf\u00e4higkeit unserer IT-Infrastruktur und der Technik unserer Website zu gew\u00e4hrleisten sowie um (4) im Falle eines Cyberangriffes den Strafverfolgungsbeh\u00f6rden die notwendigen Informationen bereitzustellen.<span class=\"Apple-converted-space\">\u00a0<\/span><\/p><p>Weiter kann unsere Arztpraxis diese Daten und Informationen einerseits statistisch und ferner mit dem Ziel auswerten, den Datenschutz und die Datensicherheit ihrer IT-Infrastruktur zu erh\u00f6hen. Die erhobenen Daten und Informationen werden nur zu den eben erw\u00e4hnten Zwecken bearbeitet und werden anschliessend gel\u00f6scht.<\/p><p><b>Links anderer Websites<\/b><span class=\"Apple-converted-space\">\u00a0<\/span><\/p><p>Diese Website kann Links zu Websites anderer Anbieter enthalten. Unsere Arztpraxis hat keinen Einfluss auf diese Websites, deren Inhalte, Angebote oder Verf\u00fcgbarkeit oder die dort geltenden Datenschutzerkl\u00e4rungen und -bestimmungen. Sie lehnt daher jegliche Haftung ab<\/p><p><b>Cookies und weitere Serviceangebote<span class=\"Apple-converted-space\">\u00a0<\/span><\/b><\/p><p>Unsere Arztpraxis kann auf ihrer Website Cookies verwenden. Cookies enthalten eine sogenannte Cookie-ID, eine eindeutige Kennung des Cookies, welche Websites und Server einem konkreten Internetbrowser zuordnet. Ein bestimmter Internetbrowser kann \u00fcber diese eindeutige Cookie-ID wiedererkannt und identifiziert werden. Sie k\u00f6nnen Ihren Browser so einstellen, dass er Cookies zur\u00fcckweist, nur f\u00fcr eine Sitzung speichert oder sonst vorzeitig l\u00f6scht.<\/p><p><b>Kommunikationsm\u00f6glichkeiten<span class=\"Apple-converted-space\">\u00a0<\/span><\/b><\/p><p>Die Website unserer Arztpraxis enth\u00e4lt gewisse Angaben, die eine schnelle elektronische Kontaktaufnahme sowie eine unmittelbare Kommunikation erm\u00f6glichen, was ebenfalls eine allgemeine E-Mail-Adresse umfasst. Nehmen Sie \u00fcber die auf unserer Website angebotenen Kommunikationsm\u00f6glichkeiten Kontakt mit uns auf, werden Ihre Kontaktangaben und Inhalte lediglich zur Bearbeitung und Beantwortung Ihrer Anfrage verwendet.<\/p><p>Bitte beachten Sie: Es kann nicht sichergestellt werden, dass Ihre Daten vertraulich \u00fcbermittelt werden. Deshalb sollen bei dieser Kontaktaufnahme keine vertraulichen Daten (medizinische Anliegen etc.) \u00fcbermittelt werden.<span class=\"Apple-converted-space\">\u00a0<\/span><\/p><p><b>B. Patientenbehandlung<\/b><\/p><p><b>Erhebung und Zweck der Datenbearbeitung<span class=\"Apple-converted-space\">\u00a0<\/span><\/b><\/p><p>Die Bearbeitung (Erhebung, Speicherung, Verwendung sowie Aufbewahrung) Ihrer Daten erfolgt aufgrund des Behandlungsvertrages und gesetzlicher Vorgaben zur Erf\u00fcllung des Behandlungszwecks sowie zu den damit verbundenen Pflichten. Die Erhebung von Daten erfolgt einerseits durch die\/den behandelnde\/n \u00c4rztin\/Arzt im Rahmen Ihrer Behandlung. Andererseits erhalten wir auch Daten von weiteren \u00c4rztinnen\/\u00c4rzten und Gesundheitsfachpersonen, bei denen Sie in Behandlung waren oder sind, falls Sie hierf\u00fcr Ihre Einwilligung gegeben haben. In Ihrer Krankengeschichte werden nur Daten bearbeitet, die im Zusammenhang mit Ihrer medizinischen Behandlung stehen. .<span class=\"Apple-converted-space\">\u00a0 <\/span>Die Bearbeitung kann teilweise auch durch digitalisierte Systeme erfolgen, welche k\u00fcnstliche Intelligenz (KI) zur Unterst\u00fctzung medizinischer Personen einsetzen.<span class=\"Apple-converted-space\">\u00a0 <\/span>Die Krankengeschichte umfasst die auf dem Patientenformular gemachten pers\u00f6nlichen Angaben wie Personalien, Kontaktdaten und Versicherungsangaben sowie unter anderem das im Rahmen der Behandlung durchgef\u00fchrte Aufkl\u00e4rungsgespr\u00e4ch, erhobene Gesundheitsdaten wie Anamnesen, Diagnosen, Therapievorschl\u00e4ge und Befunde.<span class=\"Apple-converted-space\">\u00a0<\/span><\/p><p>Optional: Die Arztpraxis kann technische Hilfsmittel zur Unterst\u00fctzung ihrer T\u00e4tigkeit einsetzen. Dazu geh\u00f6ren Applikationen wie die intonate App, von der Firma Intonate. Sie k\u00f6nnen Arzt-Patienten-Gespr\u00e4che aufzeichnen, mittels K\u00fcnstlicher Intelligenz (KI) analysieren und in medizinische Berichtsvorschl\u00e4ge zusammenfassen. Dabei werden Gesundheitsdaten wie Anamnese, Diagnosen, Therapievorschl\u00e4ge oder Befunde bearbeitet. Daten werden nur auf gesicherten Servern innerhalb von Europa verarbeitet und nach der Bearbeitungsfrist automatisch gel\u00f6scht; sie werden nicht zum Training von KI-Systemen verwendet. Die KI trifft keine medizinischen Entscheidungen.<\/p><p><b>Dauer der Aufbewahrung<span class=\"Apple-converted-space\">\u00a0<\/span><\/b><\/p><p>Wir verarbeiten und speichern Ihre Personendaten, solange es f\u00fcr die Erf\u00fcllung unserer vertraglichen und gesetzlichen Pflichten oder sonst f\u00fcr die mit der Bearbeitung verfolgten Zwecke erforderlich ist. Ihre Krankengeschichte wird w\u00e4hrend 20 Jahren nach Ihrer letzten Behandlung aufbewahrt. Danach wird sie mit Ihrer ausdr\u00fccklichen Einwilligung weiter aufbewahrt oder sicher gel\u00f6scht bzw. vernichtet.<\/p><p><b>Weitergabe der Daten<\/b><\/p><p>Ihre Personendaten und insbesondere Ihre medizinischen Daten \u00fcbermitteln wir nur dann an externe Dritte, wenn dies gesetzlich erlaubt oder verlangt ist oder wenn Sie im Rahmen Ihrer Behandlung in die Weitergabe der Daten eingewilligt haben.<span class=\"Apple-converted-space\">\u00a0<\/span><\/p><ul><li>Die \u00dcbermittlung an Ihre Krankenversicherung bzw. an die Unfall- oder Invalidenversicherung erfolgt zum Zweck der Abrechnung der Ihnen gegen\u00fcber erbrachten Leistungen. Die Art der \u00fcbermittelten Daten orientiert sich dabei an den gesetzlichen Vorgaben.<span class=\"Apple-converted-space\">\u00a0<\/span><\/li><\/ul><ul><li>Die Weitergabe an kantonale sowie nationale Beh\u00f6rden (z.B. kantons\u00e4rztlicher Dienst, Gesundheitsdepartemente etc.) erfolgt aufgrund gesetzlicher Meldepflichten.<\/li><\/ul><p>Im Einzelfall, abh\u00e4ngig von Ihrer Behandlung und Ihrer entsprechenden Einwilligung, erfolgt die \u00dcbermittlung von Daten an weitere berechtigte Empf\u00e4nger (z.B. Labore, andere \u00c4rztinnen und \u00c4rzte).<span class=\"Apple-converted-space\">\u00a0<\/span><\/p><p><b>Widerruf Ihrer Einwilligung<\/b><\/p><p>Haben Sie f\u00fcr eine Datenbearbeitung Ihre ausdr\u00fcckliche Einwilligung gegeben, k\u00f6nnen Sie eine bereits erteilte Einwilligung jederzeit ganz oder teilweise widerrufen. Der Widerruf oder der Wunsch nach \u00c4nderung einer Einwilligung hat schriftlich zu erfolgen. Sobald wir Ihren schriftlichen Widerruf erhalten haben und die Bearbeitung auf keine andere Rechtsgrundlage als die Einwilligung gest\u00fctzt werden kann, wird die Bearbeitung eingestellt. Die Rechtm\u00e4ssigkeit der bis zum Widerruf erfolgten Datenbearbeitung bleibt vom Widerruf unber\u00fchrt.<span class=\"Apple-converted-space\">\u00a0<\/span><\/p><p><b>C. Allgemeine Hinweise<\/b><\/p><p><b>Ihre Rechte<\/b><\/p><p>Gest\u00fctzt auf das Datenschutzgesetz haben Sie verschiedene Rechte. Zur Geltendmachung Ihrer Rechte setzen Sie sich bitte mit der Arztpraxis in Verbindung. Wir stehen Ihnen f\u00fcr weitere diesbez\u00fcgliche Informationen gerne zur Verf\u00fcgung.<\/p><ul><li><b>Auskunft, Einsicht und Herausgabe<\/b><\/li><\/ul><p>Sie haben jederzeit das Recht, Auskunft zu Ihren Personendaten zu erhalten. Sie k\u00f6nnen Ihre Krankengeschichte einsehen oder auch eine Kopie verlangen. Die Herausgabe der Kopie kann kostenpflichtig sein. Allf\u00e4llige Kosten, welche vom Aufwand der Erstellung der Kopie abh\u00e4ngen, werden Ihnen vorg\u00e4ngig bekannt gegeben.<span class=\"Apple-converted-space\">\u00a0<\/span><\/p><ul><li><b>Recht auf Daten\u00fcbertragung<\/b><\/li><\/ul><p>Sie haben das Recht, Daten, die wir automatisiert bzw. digital verarbeiten, an sich oder an einen Dritten in einem g\u00e4ngigen, maschinenlesbaren Format aush\u00e4ndigen zu lassen. Dies gilt insbesondere auch bei der Weitergabe von medizinischen Daten an eine von Ihnen gew\u00fcnschte Gesundheitsfachperson. Sofern Sie die direkte \u00dcbertragung der Daten an einen anderen Verantwortlichen verlangen, erfolgt dies nur, soweit es technisch machbar ist.<\/p><ul><li><b>Berichtigung Ihrer Angaben<\/b><\/li><\/ul><p>Wenn Sie feststellen oder der Ansicht sind, dass Ihre Daten nicht korrekt oder unvollst\u00e4ndig sind, haben Sie die M\u00f6glichkeit, eine Berichtigung zu verlangen. Kann weder die Korrektheit noch die Unvollst\u00e4ndigkeit Ihrer Daten festgestellt werden, haben Sie die M\u00f6glichkeit auf die Anbringung eines Bestreitungsvermerks.<\/p><p><b>\u00c4nderungen<span class=\"Apple-converted-space\">\u00a0<\/span><\/b><\/p><p>Unsere Arztpraxis kann diese Datenschutzerkl\u00e4rung jederzeit ohne Vorank\u00fcndigung anpassen. Es gilt die jeweils aktuelle, auf unserer Website publizierte Fassung. Soweit die<\/p><p>Datenschutzerkl\u00e4rung Teil eines Vertrages mit Ihnen ist, werden wir Sie im Falle einer Aktualisierung \u00fcber die \u00c4nderung per E-Mail oder auf andere geeignete Weise informieren.<\/p><p>M\u00fcnsingen, 6.4.2026<\/p><p>\u00a0<\/p>\t\t\t\t\t\t\t\t<\/div>\n\t\t\t\t<\/div>\n\t\t\t\t\t<\/div>\n\t\t<\/div>\n\t\t\t\t\t<\/div>\n\t\t<\/section>\n\t\t\t\t<\/div>\n\t\t","protected":false},"excerpt":{"rendered":"<p>Datenschutzerkl\u00e4rung Willkommen auf der Website unserer Arztpraxis. In dieser Datenschutzerkl\u00e4rung erl\u00e4utern wir, wie wir personenbezogene Daten auf unserer Website (A.) und im Rahmen der Patientenbehandlung in unserer Arztpraxis (B.) erheben und bearbeiten und wir erl\u00e4utern Ihre Rechte (C). Unter Personendaten werden alle Angaben verstanden, die sich auf eine bestimmte oder bestimmbare Person beziehen.\u00a0 Die Erhebung [&hellip;]<\/p>\n","protected":false},"author":1,"featured_media":0,"parent":0,"menu_order":0,"comment_status":"closed","ping_status":"closed","template":"","meta":{"footnotes":""},"class_list":["post-622","page","type-page","status-publish","hentry"],"jetpack_sharing_enabled":true,"_links":{"self":[{"href":"https:\/\/www.praxis-1.ch\/index.php?rest_route=\/wp\/v2\/pages\/622","targetHints":{"allow":["GET"]}}],"collection":[{"href":"https:\/\/www.praxis-1.ch\/index.php?rest_route=\/wp\/v2\/pages"}],"about":[{"href":"https:\/\/www.praxis-1.ch\/index.php?rest_route=\/wp\/v2\/types\/page"}],"author":[{"embeddable":true,"href":"https:\/\/www.praxis-1.ch\/index.php?rest_route=\/wp\/v2\/users\/1"}],"replies":[{"embeddable":true,"href":"https:\/\/www.praxis-1.ch\/index.php?rest_route=%2Fwp%2Fv2%2Fcomments&post=622"}],"version-history":[{"count":10,"href":"https:\/\/www.praxis-1.ch\/index.php?rest_route=\/wp\/v2\/pages\/622\/revisions"}],"predecessor-version":[{"id":1635,"href":"https:\/\/www.praxis-1.ch\/index.php?rest_route=\/wp\/v2\/pages\/622\/revisions\/1635"}],"wp:attachment":[{"href":"https:\/\/www.praxis-1.ch\/index.php?rest_route=%2Fwp%2Fv2%2Fmedia&parent=622"}],"curies":[{"name":"wp","href":"https:\/\/api.w.org\/{rel}","templated":true}]}}